{"id":6515,"date":"2024-10-18T09:54:21","date_gmt":"2024-10-18T06:54:21","guid":{"rendered":"https:\/\/wp_masifevi.test\/?post_type=product&#038;p=6515"},"modified":"2026-01-29T12:12:50","modified_gmt":"2026-01-29T09:12:50","slug":"yeni-mahsul-250gr-1-kalite-kabuklu-findik-tombul-findikyagli-findikorganik-findik-iri-findik","status":"publish","type":"product","link":"https:\/\/masifevi.com\/en\/product\/yeni-mahsul-250gr-1-kalite-kabuklu-findik-tombul-findikyagli-findikorganik-findik-iri-findik\/","title":{"rendered":"Yeni Mahs\u00fcl 250gr 1.kalite Kabuklu F\u0131nd\u0131k, Tombul F\u0131nd\u0131k,ya\u011fl\u0131 F\u0131nd\u0131k,organik F\u0131nd\u0131k, Iri F\u0131nd\u0131k"},"content":{"rendered":"","protected":false},"excerpt":{"rendered":"","protected":false},"featured_media":6516,"comment_status":"open","ping_status":"closed","template":"","meta":[],"product_brand":[],"product_cat":[257],"product_tag":[],"class_list":{"0":"post-6515","1":"product","2":"type-product","3":"status-publish","4":"has-post-thumbnail","6":"product_cat-supermarket","8":"first","9":"instock","10":"shipping-taxable","11":"purchasable","12":"product-type-simple"},"_links":{"self":[{"href":"https:\/\/masifevi.com\/en\/wp-json\/wp\/v2\/product\/6515","targetHints":{"allow":["GET"]}}],"collection":[{"href":"https:\/\/masifevi.com\/en\/wp-json\/wp\/v2\/product"}],"about":[{"href":"https:\/\/masifevi.com\/en\/wp-json\/wp\/v2\/types\/product"}],"replies":[{"embeddable":true,"href":"https:\/\/masifevi.com\/en\/wp-json\/wp\/v2\/comments?post=6515"}],"wp:featuredmedia":[{"embeddable":true,"href":"https:\/\/masifevi.com\/en\/wp-json\/wp\/v2\/media\/6516"}],"wp:attachment":[{"href":"https:\/\/masifevi.com\/en\/wp-json\/wp\/v2\/media?parent=6515"}],"wp:term":[{"taxonomy":"product_brand","embeddable":true,"href":"https:\/\/masifevi.com\/en\/wp-json\/wp\/v2\/product_brand?post=6515"},{"taxonomy":"product_cat","embeddable":true,"href":"https:\/\/masifevi.com\/en\/wp-json\/wp\/v2\/product_cat?post=6515"},{"taxonomy":"product_tag","embeddable":true,"href":"https:\/\/masifevi.com\/en\/wp-json\/wp\/v2\/product_tag?post=6515"}],"curies":[{"name":"wp","href":"https:\/\/api.w.org\/{rel}","templated":true}]}}