{"id":5985,"date":"2023-08-03T08:11:25","date_gmt":"2023-08-03T08:11:25","guid":{"rendered":"https:\/\/wp_masifevi.test\/compare\/"},"modified":"2023-08-03T08:11:25","modified_gmt":"2023-08-03T08:11:25","slug":"compare","status":"publish","type":"page","link":"https:\/\/masifevi.com\/ar\/compare\/","title":{"rendered":"Kar\u015f\u0131la\u015ft\u0131r"},"content":{"rendered":"\t\t<div data-elementor-type=\"wp-page\" data-elementor-id=\"5985\" class=\"elementor elementor-5985 elementor-4975\">\n\t\t\t\t\t\t<section class=\"elementor-section elementor-top-section elementor-element elementor-element-d1c56af elementor-section-boxed elementor-section-height-default elementor-section-height-default\" data-id=\"d1c56af\" data-element_type=\"section\">\n\t\t\t\t\t\t<div class=\"elementor-container elementor-column-gap-extended\">\n\t\t\t\t\t<div class=\"elementor-column elementor-col-100 elementor-top-column elementor-element elementor-element-36e3ea0\" data-id=\"36e3ea0\" data-element_type=\"column\">\n\t\t\t<div class=\"elementor-widget-wrap elementor-element-populated\">\n\t\t\t\t\t\t<div class=\"elementor-element elementor-element-b092c32 elementor-widget elementor-widget-shortcode\" data-id=\"b092c32\" data-element_type=\"widget\" data-widget_type=\"shortcode.default\">\n\t\t\t\t<div class=\"elementor-widget-container\">\n\t\t\t\t\t\t\t<div class=\"elementor-shortcode\"><div class=\"klbcp-list compare-page\"><div class=\"klbcp-no-result\">\r\n\t\t\t\t\t\t\t<div class=\"cart-empty-page\">\r\n\t\t\t\t\t\t\t\t<div class=\"empty-icon\">\r\n\t\t\t\t\t\t\t\t\t<i class=\"klb-icon-compare-product\"><\/i>\r\n\t\t\t\t\t\t\t\t<\/div>\r\n\t\t\t\t\t\t\t\t<p class=\"cart-empty\">The comparison table is empty.<\/p>\r\n\t\t\t\t\t\t\t\t<p class=\"return-to-shop\">\r\n\t\t\t\t\t\t\t\t\t<a class=\"button wc-backward\" href=\"https:\/\/masifevi.com\/ar\/shop\/\">\r\n\t\t\t\t\t\t\t\t\t\tReturn to shop\r\n\t\t\t\t\t\t\t\t\t<\/a>\r\n\t\t\t\t\t\t\t\t<\/p>\r\n\t\t\t\t\t\t\t<\/div>\r\n\t\t\t\t\r\n\t\t\t\t\t\t<\/div><\/div><\/div>\n\t\t\t\t\t\t<\/div>\n\t\t\t\t<\/div>\n\t\t\t\t\t<\/div>\n\t\t<\/div>\n\t\t\t\t\t<\/div>\n\t\t<\/section>\n\t\t\t\t<\/div>\n\t\t","protected":false},"excerpt":{"rendered":"","protected":false},"author":1,"featured_media":0,"parent":0,"menu_order":0,"comment_status":"closed","ping_status":"closed","template":"","meta":{"footnotes":""},"coauthors":[],"class_list":["post-5985","page","type-page","status-publish","hentry"],"_links":{"self":[{"href":"https:\/\/masifevi.com\/ar\/wp-json\/wp\/v2\/pages\/5985","targetHints":{"allow":["GET"]}}],"collection":[{"href":"https:\/\/masifevi.com\/ar\/wp-json\/wp\/v2\/pages"}],"about":[{"href":"https:\/\/masifevi.com\/ar\/wp-json\/wp\/v2\/types\/page"}],"author":[{"embeddable":true,"href":"https:\/\/masifevi.com\/ar\/wp-json\/wp\/v2\/users\/1"}],"replies":[{"embeddable":true,"href":"https:\/\/masifevi.com\/ar\/wp-json\/wp\/v2\/comments?post=5985"}],"version-history":[{"count":0,"href":"https:\/\/masifevi.com\/ar\/wp-json\/wp\/v2\/pages\/5985\/revisions"}],"wp:attachment":[{"href":"https:\/\/masifevi.com\/ar\/wp-json\/wp\/v2\/media?parent=5985"}],"wp:term":[{"taxonomy":"author","embeddable":true,"href":"https:\/\/masifevi.com\/ar\/wp-json\/wp\/v2\/coauthors?post=5985"}],"curies":[{"name":"wp","href":"https:\/\/api.w.org\/{rel}","templated":true}]}}